{"id":174,"date":"2022-08-31T16:10:04","date_gmt":"2022-08-31T16:10:04","guid":{"rendered":"https:\/\/www.perinatologistanbul.com\/?page_id=174"},"modified":"2022-08-31T16:12:09","modified_gmt":"2022-08-31T16:12:09","slug":"adress","status":"publish","type":"page","link":"https:\/\/www.perinatologistanbul.com\/?page_id=174&lang=en","title":{"rendered":"Adress"},"content":{"rendered":"\n<p>Defne Apartmant \u0130ncirli Street No:16 Bak\u0131rkoy \u0130stanbul<\/p>\n\n\n\n<p>0541 8058096<\/p>\n","protected":false},"excerpt":{"rendered":"<p>Defne Apartmant \u0130ncirli Street No:16 Bak\u0131rkoy \u0130stanbul 0541 8058096<\/p>\n","protected":false},"author":1,"featured_media":176,"parent":0,"menu_order":0,"comment_status":"closed","ping_status":"closed","template":"","meta":{"footnotes":""},"class_list":["post-174","page","type-page","status-publish","has-post-thumbnail","hentry"],"_links":{"self":[{"href":"https:\/\/www.perinatologistanbul.com\/index.php?rest_route=\/wp\/v2\/pages\/174","targetHints":{"allow":["GET"]}}],"collection":[{"href":"https:\/\/www.perinatologistanbul.com\/index.php?rest_route=\/wp\/v2\/pages"}],"about":[{"href":"https:\/\/www.perinatologistanbul.com\/index.php?rest_route=\/wp\/v2\/types\/page"}],"author":[{"embeddable":true,"href":"https:\/\/www.perinatologistanbul.com\/index.php?rest_route=\/wp\/v2\/users\/1"}],"replies":[{"embeddable":true,"href":"https:\/\/www.perinatologistanbul.com\/index.php?rest_route=%2Fwp%2Fv2%2Fcomments&post=174"}],"version-history":[{"count":1,"href":"https:\/\/www.perinatologistanbul.com\/index.php?rest_route=\/wp\/v2\/pages\/174\/revisions"}],"predecessor-version":[{"id":175,"href":"https:\/\/www.perinatologistanbul.com\/index.php?rest_route=\/wp\/v2\/pages\/174\/revisions\/175"}],"wp:featuredmedia":[{"embeddable":true,"href":"https:\/\/www.perinatologistanbul.com\/index.php?rest_route=\/wp\/v2\/media\/176"}],"wp:attachment":[{"href":"https:\/\/www.perinatologistanbul.com\/index.php?rest_route=%2Fwp%2Fv2%2Fmedia&parent=174"}],"curies":[{"name":"wp","href":"https:\/\/api.w.org\/{rel}","templated":true}]}}