{"id":16,"date":"2021-04-20T20:09:08","date_gmt":"2021-04-20T20:09:08","guid":{"rendered":"http:\/\/www.perinatologistanbul.com\/?page_id=16"},"modified":"2021-05-08T16:13:14","modified_gmt":"2021-05-08T16:13:14","slug":"hakkimizda","status":"publish","type":"page","link":"https:\/\/www.perinatologistanbul.com\/?page_id=16","title":{"rendered":"Hakk\u0131m\u0131zda"},"content":{"rendered":"\n<h1 class=\"wp-block-heading\"><\/h1>\n\n\n\n<p>E-Mail: <a href=\"mailto:m.g.gungor77@gmail.com\">m.g.gungor77@gmail.com<\/a><\/p>\n\n\n\n<p><strong>\u00d6zge\u00e7mi\u015f<\/strong><\/p>\n\n\n\n<p>Do\u011fum tarihi&nbsp;&nbsp;&nbsp;&nbsp;&nbsp;&nbsp;&nbsp;&nbsp;&nbsp;&nbsp;&nbsp;&nbsp;&nbsp;&nbsp;&nbsp;&nbsp;&nbsp;&nbsp;&nbsp;&nbsp;&nbsp;&nbsp;&nbsp;&nbsp; 26.03.1977<\/p>\n\n\n\n<p>Evli ve bir k\u0131z \u00e7ocuk babas\u0131d\u0131r.<\/p>\n\n\n\n<h1 class=\"wp-block-heading\">E\u011fitim<\/h1>\n\n\n\n<p>Lise e\u011fitimi: \u0130\u00e7el Anadolu Lisesi &#8211; Mersin<\/p>\n\n\n\n<p>Lisans E\u011fitimi: Dokuz Eyl\u00fcl \u00dcniversitesi T\u0131p Fak\u00fcltesi- \u0130zmir<\/p>\n\n\n\n<p>Doktora E\u011fitimi: Dokuz Eyl\u00fcl \u00dcniversitesi T\u0131p Fak\u00fcltesi Kad\u0131n Hastal\u0131klar\u0131 ve Do\u011fum Uzmanl\u0131k &nbsp;E\u011fitimi- \u0130zmir<\/p>\n\n\n\n<p>Perinatoloji Yandal Uzmanl\u0131k E\u011fitimi: \u0130stanbul Kanuni Sultan S\u00fcleyman E\u011fitim ve Ara\u015ft\u0131rma Hastanesi<\/p>\n\n\n\n<h1 class=\"wp-block-heading\">\u00c7al\u0131\u015fma Deneyimi<\/h1>\n\n\n\n<p>04\/2008-08\/2008&nbsp;&nbsp;&nbsp;&nbsp;&nbsp;&nbsp;&nbsp;&nbsp;&nbsp;&nbsp;&nbsp;&nbsp;&nbsp;&nbsp; Dokuz Eyl\u00fcl \u00dcniversitesi Kad\u0131n Hastal\u0131klar\u0131 ve Do\u011fum<\/p>\n\n\n\n<p>08\/2008-09\/2011&nbsp;&nbsp;&nbsp;&nbsp;&nbsp;&nbsp;&nbsp;&nbsp;&nbsp;&nbsp;&nbsp;&nbsp;&nbsp;&nbsp;&nbsp;&nbsp;&nbsp; \u0130zmir Bornova Devlet Hastanesi<\/p>\n\n\n\n<p>09\/2011-04\/2015&nbsp;&nbsp;&nbsp;&nbsp;&nbsp;&nbsp;&nbsp;&nbsp;&nbsp;&nbsp;&nbsp;&nbsp;&nbsp;&nbsp;&nbsp;&nbsp; Bursa Y\u00fcksek \u0130htisas E\u011fitim ve Ara\u015ft\u0131rma Hastanesi<\/p>\n\n\n\n<p>2018-2020&nbsp;&nbsp;&nbsp;&nbsp;&nbsp;&nbsp;&nbsp;&nbsp;&nbsp;&nbsp;&nbsp;&nbsp;&nbsp;&nbsp;&nbsp;&nbsp;&nbsp;&nbsp;&nbsp;&nbsp;&nbsp;&nbsp;&nbsp;&nbsp;&nbsp;&nbsp;&nbsp;&nbsp;&nbsp; \u0130stanbul Ba\u011fc\u0131lar E\u011fitim ve Ara\u015ft\u0131rma Hastanesi<\/p>\n\n\n\n<p>Yabanc\u0131 Diller<\/p>\n\n\n\n<p>Englisch B2<\/p>\n\n\n\n<p>Deutsch B2<\/p>\n\n\n\n<p>1. Comparison of neuropsychological factors in pregnant women who continue and quit smoking. Buket Belk\u0131z G\u00fcng\u00f6r,Ersin Budak, Mahmut G\u00fcng\u00f6r, \u0130brahim Taymur. Turkish Journal of Clinical Psychiatry. DO\u0130: 1O.5505\/kpd.25349-2019<\/p>\n\n\n\n<p>2.CMV Transmission in Seropozitive Pregnancy Caused Worse Effects Than Expected M.G\u00fcng\u00f6r; K.Y\u00fcml\u00fc; A.Af\u015fin Kundak; G.Nadir K\u00f6ken; D.Bask\u0131n Embleton; \u00c7.\u00d6zdemir; S.Kundak<\/p>\n\n\n\n<p>Department of Obstetrics and Gynecology, Division of Perinatology, Faculty of Medicine, Afyon Kocatepe University, Afyonkarahisar, Turkey. 25.EUROPEAN CONGRESS PER\u0130NATAL MED\u0130C\u0130NE JUNE 15-18 2016<\/p>\n\n\n\n<p>3. Detection cephalothoracopagus case in the first trimester: Case Report. DOI: 10.5336\/gynobstet.2015-47180. M.G\u00fcng\u00f6r,F.\u00c7elik,M.K\u00f6se, G.Nadir K\u00f6ken . Department of Obstetrics and Gynecology, Division of Perinatology, Faculty of Medicine, Afyon Kocatepe University, Afyonkarahisar, Turkey.<\/p>\n\n\n\n<p>4.The Effect of Perimenopausal Estrogen Levels on Depression and Anxiety: A Pilot Study. B.G\u00fcng\u00f6r,M.G\u00fcng\u00f6r,\u0130.Taymur, Sevket Yilmaz Training and Research Hospital,Bursa,Turkey.The European Research Journal.04.03.2015.<\/p>\n\n\n\n<p>5.The Effects of Cervical Mucous Glycodelin-A, Granulocyte Colony-Stimulating Factor and L-Selectin on Pregnancy Outcomes in In-Vitro Fertilization-Embryo Transfer Cycles. M.G\u00fcng\u00f6r,E.Do\u011fan,C.Posac\u0131,S.Uysal,B.Saatli,B.G\u00fclekli.Obstetrics and Gynecology, IVF Unit, Dokuz Eyl\u00fcl University Faculty of Medicine, \u0130zmir.T\u00fcrkiye Klinikleri J Gynecol Obst 2012;22(4):220-7<\/p>\n\n\n\n<p>6. Performing of Perimortem Cesarean Section on Patient with Intracranial Hemorrhage:Case Report M.G\u00fcng\u00f6r;Y.Ayd\u0131n;N.Akdemir;C.Posac\u0131. Obstetrics and Gynecology, Dokuz Eyl\u00fcl University Faculty of Medicine, \u0130zmir.T\u00fcrkiye Klinikleri J Gynecol Obst 2008,18<\/p>\n","protected":false},"excerpt":{"rendered":"<p>E-Mail: m.g.gungor77@gmail.com \u00d6zge\u00e7mi\u015f Do\u011fum tarihi&nbsp;&nbsp;&nbsp;&nbsp;&nbsp;&nbsp;&nbsp;&nbsp;&nbsp;&nbsp;&nbsp;&nbsp;&nbsp;&nbsp;&nbsp;&nbsp;&nbsp;&nbsp;&nbsp;&nbsp;&nbsp;&nbsp;&nbsp;&nbsp; 26.03.1977 Evli ve bir k\u0131z \u00e7ocuk babas\u0131d\u0131r. E\u011fitim Lise e\u011fitimi: \u0130\u00e7el Anadolu Lisesi &#8211; Mersin Lisans E\u011fitimi: Dokuz Eyl\u00fcl \u00dcniversitesi T\u0131p Fak\u00fcltesi- \u0130zmir Doktora E\u011fitimi: Dokuz Eyl\u00fcl \u00dcniversitesi T\u0131p Fak\u00fcltesi Kad\u0131n Hastal\u0131klar\u0131 ve Do\u011fum Uzmanl\u0131k &nbsp;E\u011fitimi- \u0130zmir Perinatoloji Yandal Uzmanl\u0131k E\u011fitimi: \u0130stanbul Kanuni Sultan S\u00fcleyman E\u011fitim ve Ara\u015ft\u0131rma Hastanesi \u00c7al\u0131\u015fma &hellip; <\/p>\n","protected":false},"author":1,"featured_media":0,"parent":0,"menu_order":0,"comment_status":"closed","ping_status":"closed","template":"","meta":{"footnotes":""},"class_list":["post-16","page","type-page","status-publish","hentry"],"_links":{"self":[{"href":"https:\/\/www.perinatologistanbul.com\/index.php?rest_route=\/wp\/v2\/pages\/16","targetHints":{"allow":["GET"]}}],"collection":[{"href":"https:\/\/www.perinatologistanbul.com\/index.php?rest_route=\/wp\/v2\/pages"}],"about":[{"href":"https:\/\/www.perinatologistanbul.com\/index.php?rest_route=\/wp\/v2\/types\/page"}],"author":[{"embeddable":true,"href":"https:\/\/www.perinatologistanbul.com\/index.php?rest_route=\/wp\/v2\/users\/1"}],"replies":[{"embeddable":true,"href":"https:\/\/www.perinatologistanbul.com\/index.php?rest_route=%2Fwp%2Fv2%2Fcomments&post=16"}],"version-history":[{"count":2,"href":"https:\/\/www.perinatologistanbul.com\/index.php?rest_route=\/wp\/v2\/pages\/16\/revisions"}],"predecessor-version":[{"id":108,"href":"https:\/\/www.perinatologistanbul.com\/index.php?rest_route=\/wp\/v2\/pages\/16\/revisions\/108"}],"wp:attachment":[{"href":"https:\/\/www.perinatologistanbul.com\/index.php?rest_route=%2Fwp%2Fv2%2Fmedia&parent=16"}],"curies":[{"name":"wp","href":"https:\/\/api.w.org\/{rel}","templated":true}]}}